{"id":22,"date":"2018-10-22T09:30:59","date_gmt":"2018-10-22T09:30:59","guid":{"rendered":"http:\/\/englischstammtisch-plattling.de\/?page_id=22"},"modified":"2020-11-08T14:24:47","modified_gmt":"2020-11-08T14:24:47","slug":"termine","status":"publish","type":"page","link":"https:\/\/englischstammtisch-plattling.de\/?page_id=22","title":{"rendered":"Termine"},"content":{"rendered":"<p>&nbsp;<\/p>\n<h3><strong>ACHTUNG!<br \/>\nAufgrund der Corona-Situation bis auf weiteres KEINE STAMMTISCHE M\u00d6GLICH!<\/strong><\/h3>\n<p><strong>Die Termine im Kalender bleiben aber unver\u00e4ndert und sind g\u00fcltig sobald es die aktuelle Rechtslage erlaubt.<\/strong><\/p>\n<style>\n\t\t#holiday-calender2 .fc button, .fc-button-group, .fc-time-grid .fc-event .fc-time span {\n\t\t\tdisplay:block!important;\n\t\t}\n\t\t#holiday-calender2 .holiday-row .date{\n\t\t\tcolor:#FFFFFF!important;\n\t\t\tbackground:#3A60A5!important;\n\t\t}\n\t\t#holiday-calender2 .holiday-row .title,#holiday-calender2 .holiday-row .title a{\n\t\t\tcolor:#000000!important;\n\t\t\tbackground:#D3DEEF!important;\n\t\t}\n\t\t#holiday-calender2 #view3 .holiday-row{\n\t\t\tborder-color:#D3DEEF!important;\n\t\t}\n\t\t#holiday-calender2 #view3 .holiday-row .holiday-hover,#holiday-calender2 #view3 .holiday-row .holiday-hover a,#holiday-calender2 #view4 .fc-event-container .fc-event{\n\t\t\tcolor:#000000!important;\n\t\t\tbackground:#D3DEEF!important;\n\t\t}\n\t\t#holiday-calender2 #view4 .fc hr,#holiday-calender2 #view4 .fc tbody,#holiday-calender2 #view4 .fc td,#holiday-calender2 #view4 .fc th,#holiday-calender2 #view4 .fc thead,#holiday-calender2 #view4 .fc-row{\n\t\t\tcolor:#FFFFFF!important;\n\t\t\tbackground:#3A60A5!important;\n\t\t}\n\t\t#view2 .display-title{\n\t\t\tdisplay:table;\n\t\t\twidth:100%;\n\t\t}\n\t\t#view2 .title{\n\t\t\tmin-height:90px;\n\t\t\tdisplay: table-cell;\n\t\t\theight: 120px;\n\t\t\tmin-height: 90px;\n\t\t\tvertical-align: middle;\n\t\t\twidth: 100%;\n\t\t\tpadding:40px 20px;\n\t\t}\n\t\t#view4 .fc-event .fc-content {\n\t\t\tpadding: 10px;\n\t\t\tposition: relative;\n\t\t\tz-index: 2;\n\t\t}\n\t\t .fc td, .fc th {\n\t\t\tborder-style: solid;\n\t\t\tborder-width: 1px;\n\t\t\tpadding: 0!important;\n\t\t\tvertical-align: top;\n\t\t}\n\t\t#view4 table {\n\t\t\tmargin:0px!important;\n\t\t}\n\t\t#view4 table .fc-day-top.fc-today span{\n\t\t\tbackground: #f1f1f1 none repeat scroll 0 0;\n\t\t\tborder-radius: 50%;\n\t\t\tcolor: #000;\n\t\t\theight: 25px;\n\t\t\tline-height: 2;\n\t\t\ttext-align: center;\n\t\t\twidth: 25px;\n\t\t}\n\t\t#holiday-calender2  #view4 table .fc-widget-header.fc-today{\n\t\t\tbackground:#f1f1f1!important;\n\t\t\tcolor:#000!important;\n\t\t}\n\t\t#view4 .fc-content-skeleton table{\n\t\t\tmin-height:130px;\n\t\t}\n\t\t.holiday-row .title a{\n\t\t\ttext-decoration:none;\n\t\t}\n\t\t.holiday-row .title a:hover{\n\t\t\ttext-decoration:underline;\n\t\t}\n\t<\/style>\n\t<div id=\"holiday-calender2\">\n\t\t<div class=\"row view4\" id=\"view4\"><div class='vsz-calendar'><\/div>\n\t\t\t\t<script  type=\"text\/javascript\">\n\t\t\t\t\tjQuery(document).ready(function(){\n\t\t\t\t\t\tjQuery('.vsz-calendar').fullCalendar({\n\t\t\t\t\t\t\t locale: 'de',\n\t\t\t\t\t\t\theader: {\n\t\t\t\t\t\t\t\tleft: 'prev,next,today',\n\t\t\t\t\t\t\t\tcenter: 'title',\n\t\t\t\t\t\t\t\tright: 'month,agendaWeek,agendaDay'\n\t\t\t\t\t\t\t},\n\t\t\t\t\t\t\tdefaultDate: '2026-05-01',\n\t\t\t\t\t\t\teditable: true,\n\t\t\t\t\t\t\teventLimit: true, \/\/ allow \"more\" link when too many events\n\t\t\t\t\t\t\tevents: [\n\t\t\t\t\t\t\t\t\t\t\t\t\t\t\t\t\t\t{\n\t\t\t\t\t\t\t\t\t\t\ttitle:'19:30 Uhr Englischstammtisch Hotel zur Isar',\n\t\t\t\t\t\t\t\t\t\t\tstart: '2019-01-16',\n\t\t\t\t\t\t\t\t\t\t\turl:'https:\/\/www.google.de\/maps\/place\/Hotel+Zur+Isar\/@48.7749035,12.873646,17z\/data=!3m1!4b1!4m5!3m4!1s0x47750db7fb134d1d:0xde2767f40f4d12e1!8m2!3d48.7749!4d12.87584',\n\t\t\t\t\t\t\t\t\t\t\ttarget:'_blank'\n\t\t\t\t\t\t\t\t\t\t},\n\t\t\t\t\t\t\t\t\t\t\t\t\t\t\t\t\t\t{\n\t\t\t\t\t\t\t\t\t\t\ttitle:'19:30 Uhr Englischstammtisch Hotel zur Isar',\n\t\t\t\t\t\t\t\t\t\t\tstart: '2019-07-17',\n\t\t\t\t\t\t\t\t\t\t\turl:'https:\/\/www.google.de\/maps\/place\/Hotel+Zur+Isar\/@48.7749035,12.873646,17z\/data=!3m1!4b1!4m5!3m4!1s0x47750db7fb134d1d:0xde2767f40f4d12e1!8m2!3d48.7749!4d12.87584',\n\t\t\t\t\t\t\t\t\t\t\ttarget:'_blank'\n\t\t\t\t\t\t\t\t\t\t},\n\t\t\t\t\t\t\t\t\t\t\t\t\t\t\t\t\t\t{\n\t\t\t\t\t\t\t\t\t\t\ttitle:'19:30 Uhr Englischstammtisch Hotel zur Isar',\n\t\t\t\t\t\t\t\t\t\t\tstart: '2019-07-31',\n\t\t\t\t\t\t\t\t\t\t\turl:'https:\/\/www.google.de\/maps\/place\/Hotel+Zur+Isar\/@48.7749035,12.873646,17z\/data=!3m1!4b1!4m5!3m4!1s0x47750db7fb134d1d:0xde2767f40f4d12e1!8m2!3d48.7749!4d12.87584',\n\t\t\t\t\t\t\t\t\t\t\ttarget:'_blank'\n\t\t\t\t\t\t\t\t\t\t},\n\t\t\t\t\t\t\t\t\t\t\t\t\t\t\t\t\t\t{\n\t\t\t\t\t\t\t\t\t\t\ttitle:'19:30 Uhr Englischstammtisch Hotel zur Isar',\n\t\t\t\t\t\t\t\t\t\t\tstart: '2019-09-18',\n\t\t\t\t\t\t\t\t\t\t\turl:'https:\/\/www.google.de\/maps\/place\/Hotel+Zur+Isar\/@48.7749035,12.873646,17z\/data=!3m1!4b1!4m5!3m4!1s0x47750db7fb134d1d:0xde2767f40f4d12e1!8m2!3d48.7749!4d12.87584',\n\t\t\t\t\t\t\t\t\t\t\ttarget:'_blank'\n\t\t\t\t\t\t\t\t\t\t},\n\t\t\t\t\t\t\t\t\t\t\t\t\t\t\t\t\t\t{\n\t\t\t\t\t\t\t\t\t\t\ttitle:'19:30 Uhr Englischstammtisch Hotel zur Isar',\n\t\t\t\t\t\t\t\t\t\t\tstart: '2020-01-29',\n\t\t\t\t\t\t\t\t\t\t\turl:'https:\/\/www.google.de\/maps\/place\/Hotel+Zur+Isar\/@48.7749035,12.873646,17z\/data=!3m1!4b1!4m5!3m4!1s0x47750db7fb134d1d:0xde2767f40f4d12e1!8m2!3d48.7749!4d12.87584',\n\t\t\t\t\t\t\t\t\t\t\ttarget:'_blank'\n\t\t\t\t\t\t\t\t\t\t},\n\t\t\t\t\t\t\t\t\t\t\t\t\t\t\t\t\t\t{\n\t\t\t\t\t\t\t\t\t\t\ttitle:'19:30 Uhr Englischstammtisch Hotel zur Isar',\n\t\t\t\t\t\t\t\t\t\t\tstart: '2020-02-05',\n\t\t\t\t\t\t\t\t\t\t\turl:'https:\/\/www.google.de\/maps\/place\/Hotel+Zur+Isar\/@48.7749035,12.873646,17z\/data=!3m1!4b1!4m5!3m4!1s0x47750db7fb134d1d:0xde2767f40f4d12e1!8m2!3d48.7749!4d12.87584',\n\t\t\t\t\t\t\t\t\t\t\ttarget:'_blank'\n\t\t\t\t\t\t\t\t\t\t},\n\t\t\t\t\t\t\t\t\t\t\t\t\t\t\t\t\t\t{\n\t\t\t\t\t\t\t\t\t\t\ttitle:'19:30 Uhr Englischstammtisch Hotel zur Isar',\n\t\t\t\t\t\t\t\t\t\t\tstart: '2020-02-19',\n\t\t\t\t\t\t\t\t\t\t\turl:'https:\/\/www.google.de\/maps\/place\/Hotel+Zur+Isar\/@48.7749035,12.873646,17z\/data=!3m1!4b1!4m5!3m4!1s0x47750db7fb134d1d:0xde2767f40f4d12e1!8m2!3d48.7749!4d12.87584',\n\t\t\t\t\t\t\t\t\t\t\ttarget:'_blank'\n\t\t\t\t\t\t\t\t\t\t},\n\t\t\t\t\t\t\t\t\t\t\t\t\t\t\t\t\t\t{\n\t\t\t\t\t\t\t\t\t\t\ttitle:'19:30 Uhr Englischstammtisch Hotel zur Isar',\n\t\t\t\t\t\t\t\t\t\t\tstart: '2020-03-04',\n\t\t\t\t\t\t\t\t\t\t\turl:'https:\/\/www.google.de\/maps\/place\/Hotel+Zur+Isar\/@48.7749035,12.873646,17z\/data=!3m1!4b1!4m5!3m4!1s0x47750db7fb134d1d:0xde2767f40f4d12e1!8m2!3d48.7749!4d12.87584',\n\t\t\t\t\t\t\t\t\t\t\ttarget:'_blank'\n\t\t\t\t\t\t\t\t\t\t},\n\t\t\t\t\t\t\t\t\t\t\t\t\t\t\t\t\t\t{\n\t\t\t\t\t\t\t\t\t\t\ttitle:'19:30 Uhr Englischstammtisch Hotel zur Isar',\n\t\t\t\t\t\t\t\t\t\t\tstart: '2020-03-18',\n\t\t\t\t\t\t\t\t\t\t\turl:'https:\/\/www.google.de\/maps\/place\/Hotel+Zur+Isar\/@48.7749035,12.873646,17z\/data=!3m1!4b1!4m5!3m4!1s0x47750db7fb134d1d:0xde2767f40f4d12e1!8m2!3d48.7749!4d12.87584',\n\t\t\t\t\t\t\t\t\t\t\ttarget:'_blank'\n\t\t\t\t\t\t\t\t\t\t},\n\t\t\t\t\t\t\t\t\t\t\t\t\t\t\t\t\t\t{\n\t\t\t\t\t\t\t\t\t\t\ttitle:'19:30 Uhr Englischstammtisch Hotel zur Isar',\n\t\t\t\t\t\t\t\t\t\t\tstart: '2020-04-01',\n\t\t\t\t\t\t\t\t\t\t\turl:'https:\/\/www.google.de\/maps\/place\/Hotel+Zur+Isar\/@48.7749035,12.873646,17z\/data=!3m1!4b1!4m5!3m4!1s0x47750db7fb134d1d:0xde2767f40f4d12e1!8m2!3d48.7749!4d12.87584',\n\t\t\t\t\t\t\t\t\t\t\ttarget:'_blank'\n\t\t\t\t\t\t\t\t\t\t},\n\t\t\t\t\t\t\t\t\t\t\t\t\t\t\t\t\t\t{\n\t\t\t\t\t\t\t\t\t\t\ttitle:'19:30 Uhr Englischstammtisch Hotel zur Isar',\n\t\t\t\t\t\t\t\t\t\t\tstart: '2020-04-15',\n\t\t\t\t\t\t\t\t\t\t\turl:'https:\/\/www.google.de\/maps\/place\/Hotel+Zur+Isar\/@48.7749035,12.873646,17z\/data=!3m1!4b1!4m5!3m4!1s0x47750db7fb134d1d:0xde2767f40f4d12e1!8m2!3d48.7749!4d12.87584',\n\t\t\t\t\t\t\t\t\t\t\ttarget:'_blank'\n\t\t\t\t\t\t\t\t\t\t},\n\t\t\t\t\t\t\t\t\t\t\t\t\t\t\t\t\t\t{\n\t\t\t\t\t\t\t\t\t\t\ttitle:'19:30 Uhr Englischstammtisch Hotel zur Isar',\n\t\t\t\t\t\t\t\t\t\t\tstart: '2020-05-06',\n\t\t\t\t\t\t\t\t\t\t\turl:'https:\/\/www.google.de\/maps\/place\/Hotel+Zur+Isar\/@48.7749035,12.873646,17z\/data=!3m1!4b1!4m5!3m4!1s0x47750db7fb134d1d:0xde2767f40f4d12e1!8m2!3d48.7749!4d12.87584',\n\t\t\t\t\t\t\t\t\t\t\ttarget:'_blank'\n\t\t\t\t\t\t\t\t\t\t},\n\t\t\t\t\t\t\t\t\t\t\t\t\t\t\t\t\t\t{\n\t\t\t\t\t\t\t\t\t\t\ttitle:'19:30 Uhr Englischstammtisch Hotel zur Isar',\n\t\t\t\t\t\t\t\t\t\t\tstart: '2020-05-20',\n\t\t\t\t\t\t\t\t\t\t\turl:'https:\/\/www.google.de\/maps\/place\/Hotel+Zur+Isar\/@48.7749035,12.873646,17z\/data=!3m1!4b1!4m5!3m4!1s0x47750db7fb134d1d:0xde2767f40f4d12e1!8m2!3d48.7749!4d12.87584',\n\t\t\t\t\t\t\t\t\t\t\ttarget:'_blank'\n\t\t\t\t\t\t\t\t\t\t},\n\t\t\t\t\t\t\t\t\t\t\t\t\t\t\t\t\t\t{\n\t\t\t\t\t\t\t\t\t\t\ttitle:'19:30 Uhr Englischstammtisch Hotel zur Isar',\n\t\t\t\t\t\t\t\t\t\t\tstart: '2020-06-03',\n\t\t\t\t\t\t\t\t\t\t\turl:'https:\/\/www.google.de\/maps\/place\/Hotel+Zur+Isar\/@48.7749035,12.873646,17z\/data=!3m1!4b1!4m5!3m4!1s0x47750db7fb134d1d:0xde2767f40f4d12e1!8m2!3d48.7749!4d12.87584',\n\t\t\t\t\t\t\t\t\t\t\ttarget:'_blank'\n\t\t\t\t\t\t\t\t\t\t},\n\t\t\t\t\t\t\t\t\t\t\t\t\t\t\t\t\t\t{\n\t\t\t\t\t\t\t\t\t\t\ttitle:'19:30 Uhr Englischstammtisch Hotel zur Isar',\n\t\t\t\t\t\t\t\t\t\t\tstart: '2020-06-17',\n\t\t\t\t\t\t\t\t\t\t\turl:'https:\/\/www.google.de\/maps\/place\/Hotel+Zur+Isar\/@48.7749035,12.873646,17z\/data=!3m1!4b1!4m5!3m4!1s0x47750db7fb134d1d:0xde2767f40f4d12e1!8m2!3d48.7749!4d12.87584',\n\t\t\t\t\t\t\t\t\t\t\ttarget:'_blank'\n\t\t\t\t\t\t\t\t\t\t},\n\t\t\t\t\t\t\t\t\t\t\t\t\t\t\t\t\t\t{\n\t\t\t\t\t\t\t\t\t\t\ttitle:'19:30 Uhr Englischstammtisch Emporium',\n\t\t\t\t\t\t\t\t\t\t\tstart: '2020-07-01',\n\t\t\t\t\t\t\t\t\t\t\turl:'https:\/\/www.google.de\/maps\/place\/Emporium\/@48.7754162,12.8748712,18.84z\/data=!4m12!1m6!3m5!1s0x47750db7fb134d1d:0xde2767f40f4d12e1!2sHotel+Zur+Isar!8m2!3d48.7749!4d12.87584!3m4!1s0x47750d9afbd354f3:0x7a6b8017fcfa3245!8m2!3d48.7754589!4d12.8758123',\n\t\t\t\t\t\t\t\t\t\t\ttarget:'_blank'\n\t\t\t\t\t\t\t\t\t\t},\n\t\t\t\t\t\t\t\t\t\t\t\t\t\t\t\t\t\t{\n\t\t\t\t\t\t\t\t\t\t\ttitle:'19:30 Uhr Englischstammtisch Hotel zur Isar',\n\t\t\t\t\t\t\t\t\t\t\tstart: '2020-07-15',\n\t\t\t\t\t\t\t\t\t\t\turl:'https:\/\/www.google.de\/maps\/place\/Hotel+Zur+Isar\/@48.7749035,12.873646,17z\/data=!3m1!4b1!4m5!3m4!1s0x47750db7fb134d1d:0xde2767f40f4d12e1!8m2!3d48.7749!4d12.87584',\n\t\t\t\t\t\t\t\t\t\t\ttarget:'_blank'\n\t\t\t\t\t\t\t\t\t\t},\n\t\t\t\t\t\t\t\t\t\t\t\t\t\t\t\t\t\t{\n\t\t\t\t\t\t\t\t\t\t\ttitle:'19:30 Uhr Englischstammtisch Hotel zur Isar',\n\t\t\t\t\t\t\t\t\t\t\tstart: '2020-08-05',\n\t\t\t\t\t\t\t\t\t\t\turl:'https:\/\/www.google.de\/maps\/place\/Hotel+Zur+Isar\/@48.7749035,12.873646,17z\/data=!3m1!4b1!4m5!3m4!1s0x47750db7fb134d1d:0xde2767f40f4d12e1!8m2!3d48.7749!4d12.87584',\n\t\t\t\t\t\t\t\t\t\t\ttarget:'_blank'\n\t\t\t\t\t\t\t\t\t\t},\n\t\t\t\t\t\t\t\t\t\t\t\t\t\t\t\t\t\t{\n\t\t\t\t\t\t\t\t\t\t\ttitle:'19:30 Uhr Englischstammtisch Hotel zur Isar',\n\t\t\t\t\t\t\t\t\t\t\tstart: '2020-08-19',\n\t\t\t\t\t\t\t\t\t\t\turl:'https:\/\/www.google.de\/maps\/place\/Hotel+Zur+Isar\/@48.7749035,12.873646,17z\/data=!3m1!4b1!4m5!3m4!1s0x47750db7fb134d1d:0xde2767f40f4d12e1!8m2!3d48.7749!4d12.87584',\n\t\t\t\t\t\t\t\t\t\t\ttarget:'_blank'\n\t\t\t\t\t\t\t\t\t\t},\n\t\t\t\t\t\t\t\t\t\t\t\t\t\t\t\t\t\t{\n\t\t\t\t\t\t\t\t\t\t\ttitle:'19:30 Uhr Englischstammtisch Hotel zur Isar',\n\t\t\t\t\t\t\t\t\t\t\tstart: '2020-09-02',\n\t\t\t\t\t\t\t\t\t\t\turl:'https:\/\/www.google.de\/maps\/place\/Hotel+Zur+Isar\/@48.7749035,12.873646,17z\/data=!3m1!4b1!4m5!3m4!1s0x47750db7fb134d1d:0xde2767f40f4d12e1!8m2!3d48.7749!4d12.87584',\n\t\t\t\t\t\t\t\t\t\t\ttarget:'_blank'\n\t\t\t\t\t\t\t\t\t\t},\n\t\t\t\t\t\t\t\t\t\t\t\t\t\t\t\t\t\t{\n\t\t\t\t\t\t\t\t\t\t\ttitle:'19:30 Uhr Englischstammtisch Hotel zur Isar',\n\t\t\t\t\t\t\t\t\t\t\tstart: '2020-10-07',\n\t\t\t\t\t\t\t\t\t\t\turl:'https:\/\/www.google.de\/maps\/place\/Hotel+Zur+Isar\/@48.7749035,12.873646,17z\/data=!3m1!4b1!4m5!3m4!1s0x47750db7fb134d1d:0xde2767f40f4d12e1!8m2!3d48.7749!4d12.87584',\n\t\t\t\t\t\t\t\t\t\t\ttarget:'_blank'\n\t\t\t\t\t\t\t\t\t\t},\n\t\t\t\t\t\t\t\t\t\t\t\t\t\t\t\t\t\t{\n\t\t\t\t\t\t\t\t\t\t\ttitle:'19:30 Uhr Englischstammtisch Hotel zur Isar',\n\t\t\t\t\t\t\t\t\t\t\tstart: '2020-10-21',\n\t\t\t\t\t\t\t\t\t\t\turl:'https:\/\/www.google.de\/maps\/place\/Hotel+Zur+Isar\/@48.7749035,12.873646,17z\/data=!3m1!4b1!4m5!3m4!1s0x47750db7fb134d1d:0xde2767f40f4d12e1!8m2!3d48.7749!4d12.87584',\n\t\t\t\t\t\t\t\t\t\t\ttarget:'_blank'\n\t\t\t\t\t\t\t\t\t\t},\n\t\t\t\t\t\t\t\t\t\t\t\t\t\t\t\t\t\t{\n\t\t\t\t\t\t\t\t\t\t\ttitle:'19:30 Uhr Englischstammtisch Hotel zur Isar',\n\t\t\t\t\t\t\t\t\t\t\tstart: '2020-11-04',\n\t\t\t\t\t\t\t\t\t\t\turl:'https:\/\/www.google.de\/maps\/place\/Hotel+Zur+Isar\/@48.7749035,12.873646,17z\/data=!3m1!4b1!4m5!3m4!1s0x47750db7fb134d1d:0xde2767f40f4d12e1!8m2!3d48.7749!4d12.87584',\n\t\t\t\t\t\t\t\t\t\t\ttarget:'_blank'\n\t\t\t\t\t\t\t\t\t\t},\n\t\t\t\t\t\t\t\t\t\t\t\t\t\t\t\t\t\t{\n\t\t\t\t\t\t\t\t\t\t\ttitle:'19:30 Uhr Englischstammtisch Hotel zur Isar',\n\t\t\t\t\t\t\t\t\t\t\tstart: '2020-11-18',\n\t\t\t\t\t\t\t\t\t\t\turl:'https:\/\/www.google.de\/maps\/place\/Hotel+Zur+Isar\/@48.7749035,12.873646,17z\/data=!3m1!4b1!4m5!3m4!1s0x47750db7fb134d1d:0xde2767f40f4d12e1!8m2!3d48.7749!4d12.87584',\n\t\t\t\t\t\t\t\t\t\t\ttarget:'_blank'\n\t\t\t\t\t\t\t\t\t\t},\n\t\t\t\t\t\t\t\t\t\t\t\t\t\t\t\t\t\t{\n\t\t\t\t\t\t\t\t\t\t\ttitle:'19:30 Uhr Englischstammtisch Hotel zur Isar',\n\t\t\t\t\t\t\t\t\t\t\tstart: '2020-12-02',\n\t\t\t\t\t\t\t\t\t\t\turl:'https:\/\/www.google.de\/maps\/place\/Hotel+Zur+Isar\/@48.7749035,12.873646,17z\/data=!3m1!4b1!4m5!3m4!1s0x47750db7fb134d1d:0xde2767f40f4d12e1!8m2!3d48.7749!4d12.87584',\n\t\t\t\t\t\t\t\t\t\t\ttarget:'_blank'\n\t\t\t\t\t\t\t\t\t\t},\n\t\t\t\t\t\t\t\t\t\t\t\t\t\t\t\t\t\t{\n\t\t\t\t\t\t\t\t\t\t\ttitle:'19:30 Uhr Englischstammtisch Weihnachtsfeier Hotel Pirkl',\n\t\t\t\t\t\t\t\t\t\t\tstart: '2020-12-09',\n\t\t\t\t\t\t\t\t\t\t\turl:'https:\/\/www.google.de\/maps\/place\/Hotel+Pirkl+-+Cafe+-Konditorei\/@48.70138,13.02054,15z\/data=!4m2!3m1!1s0x0:0x8aa6964b6a6c7ac5?sa=X&#038;ved=2ahUKEwiWjvfY0LDdAhVH6KQKHXGXCzwQ_BIwCnoECAoQCw',\n\t\t\t\t\t\t\t\t\t\t\ttarget:'_blank'\n\t\t\t\t\t\t\t\t\t\t},\n\t\t\t\t\t\t\t\t\t\t\t\t\t\t\t\t\t\t{\n\t\t\t\t\t\t\t\t\t\t\ttitle:'19:30 Uhr Englischstammtisch Hotel zur Isar',\n\t\t\t\t\t\t\t\t\t\t\tstart: '2020-12-16',\n\t\t\t\t\t\t\t\t\t\t\turl:'https:\/\/www.google.de\/maps\/place\/Hotel+Zur+Isar\/@48.7749035,12.873646,17z\/data=!3m1!4b1!4m5!3m4!1s0x47750db7fb134d1d:0xde2767f40f4d12e1!8m2!3d48.7749!4d12.87584',\n\t\t\t\t\t\t\t\t\t\t\ttarget:'_blank'\n\t\t\t\t\t\t\t\t\t\t},\n\t\t\t\t\t\t\t\t\n\t\t\t\t\t\t\t],\n\t\t\t\t\t\t\teventClick: function(event) {\n\t\t\t\t\t\t\t\tif (event.url) {\n\t\t\t\t\t\t\t\t\twindow.open(event.url, event.target);\n\t\t\t\t\t\t\t\t\treturn false;\n\t\t\t\t\t\t\t\t}\n\t\t\t\t\t\t\t}\n\t\t\t\t\t\t});\n\t\t\t\t\t});\n\t\t\t\t<\/script><\/div>\n\t<\/div>\n\n\t<script type=\"text\/javascript\">\n\t\tequalheight = function(container){\n\t\t\tvar currentTallest = 0,\n\t\t\t\tcurrentRowStart = 0,\n\t\t\t\trowDivs = new Array(),\n\t\t\t\t$el,\n\t\t\t\ttopPosition = 0;\n\n\t\t\tjQuery(container).each(function() {\n\n\t\t\t\t$el = jQuery(this);\n\t\t\t\tjQuery($el).height('auto');\n\n\t\t\t\ttopPostion = $el.position().top;\n\n\t\t\t\tif (currentRowStart != topPostion) {\n\t\t\t\t\tfor (currentDiv = 0 ; currentDiv < rowDivs.length ; currentDiv++) {\n\t\t\t\t\t\trowDivs[currentDiv].height(currentTallest);\n\t\t\t\t\t}\n\t\t\t\t\trowDivs.length = 0; \/\/ empty the array\n\t\t\t\t\tcurrentRowStart = topPostion;\n\t\t\t\t\tcurrentTallest = $el.height();\n\t\t\t\t\trowDivs.push($el);\n\t\t\t\t}else {\n\t\t\t\t\trowDivs.push($el);\n\t\t\t\t\tcurrentTallest = (currentTallest < $el.height()) ? ($el.height()) : (currentTallest);\n\t\t\t\t}\n\n\t\t\t\tfor (currentDiv = 0 ; currentDiv < rowDivs.length ; currentDiv++) {\n\t\t\t\t\trowDivs[currentDiv].height(currentTallest);\n\t\t\t\t}\n\t\t\t});\n\t\t}\n\n\t\tjQuery(document).ready(function(){\n\t\t\tequalheight('.vsz-equlheight');\n\t\t\tequalheight('.vsz-equlheight-view1');\n\n\t\t\tvar resizeTimer;\n\t\t\tjQuery(window).on('resize', function(e) {\n\t\t\t\tclearTimeout(resizeTimer);\n\t\t\t\tresizeTimer = setTimeout(function() {\n\t\t\t\t\t\t\t\t\tequalheight('.vsz-equlheight');\n\t\t\t\t\t\t\t\t\tequalheight('.vsz-equlheight-view1');\n\t\t\t\t\t\t\t\t}, 400);\n\t\t\t});\n\t\t});\n\t<\/script>\n<p>&nbsp;<\/p>\n","protected":false},"excerpt":{"rendered":"<div class=\"slide-text-bg2\"><span>&nbsp; ACHTUNG! Aufgrund der Corona-Situation bis auf weiteres KEINE STAMMTISCHE M\u00d6GLICH! Die Termine im Kalender bleiben aber unver\u00e4ndert und sind g\u00fclt<\/span><\/div>\n<div class=\"slide-btn-area-sm\"><a href=\"https:\/\/englischstammtisch-plattling.de\/?page_id=22\" class=\"slide-btn-sm\">weiterlesen<\/a><\/div>\n","protected":false},"author":2,"featured_media":0,"parent":0,"menu_order":0,"comment_status":"closed","ping_status":"closed","template":"","meta":[],"_links":{"self":[{"href":"https:\/\/englischstammtisch-plattling.de\/index.php?rest_route=\/wp\/v2\/pages\/22"}],"collection":[{"href":"https:\/\/englischstammtisch-plattling.de\/index.php?rest_route=\/wp\/v2\/pages"}],"about":[{"href":"https:\/\/englischstammtisch-plattling.de\/index.php?rest_route=\/wp\/v2\/types\/page"}],"author":[{"embeddable":true,"href":"https:\/\/englischstammtisch-plattling.de\/index.php?rest_route=\/wp\/v2\/users\/2"}],"replies":[{"embeddable":true,"href":"https:\/\/englischstammtisch-plattling.de\/index.php?rest_route=%2Fwp%2Fv2%2Fcomments&post=22"}],"version-history":[{"count":10,"href":"https:\/\/englischstammtisch-plattling.de\/index.php?rest_route=\/wp\/v2\/pages\/22\/revisions"}],"predecessor-version":[{"id":74,"href":"https:\/\/englischstammtisch-plattling.de\/index.php?rest_route=\/wp\/v2\/pages\/22\/revisions\/74"}],"wp:attachment":[{"href":"https:\/\/englischstammtisch-plattling.de\/index.php?rest_route=%2Fwp%2Fv2%2Fmedia&parent=22"}],"curies":[{"name":"wp","href":"https:\/\/api.w.org\/{rel}","templated":true}]}}