{"id":20,"date":"2018-10-22T09:30:48","date_gmt":"2018-10-22T09:30:48","guid":{"rendered":"http:\/\/englischstammtisch-plattling.de\/?page_id=20"},"modified":"2018-10-22T12:17:44","modified_gmt":"2018-10-22T12:17:44","slug":"freunde","status":"publish","type":"page","link":"https:\/\/englischstammtisch-plattling.de\/?page_id=20","title":{"rendered":"Freunde"},"content":{"rendered":"<p><b>Selkirk &#8211; unsere Partnerstadt<\/b><\/p>\n<p>Hoch \u00fcber dem Tal des Flusses Ettrik, im Herzen der Scottish Borders, liegt die &#8222;Royal Burgh of Selkirk&#8220;.<img loading=\"lazy\" class=\" wp-image-33 alignleft\" src=\"https:\/\/englischstammtisch-plattling.de\/wp-content\/uploads\/2018\/10\/selkirk2.jpg\" alt=\"\" width=\"285\" height=\"199\" \/><\/p>\n<p>Am 03. September 1998 signierten Plattlings Erster B\u00fcrgermeister Siegfried Scholz, Selkirks Provost Jim Newlands und Dr. Lindsay Neil in der Victoria-Hall in Selkirk die Partnerschaftsurkunde. Gegengezeichnet wurde die Partnerschaft mit Selkirk am 18. September 1998 in Plattling.<\/p>\n<p>Neben historischen Sehensw\u00fcrdigkeiten, die es in Selkirk und seinem Umland zu entdecken gilt, bietet die Region eine Vielzahl attraktiver Freizeitgestaltungs- und Erholungsm\u00f6glichkeiten.<\/p>\n<p>Eine weitere Attraktion der Scottish Borders sind die Common Ridings. &#8222;Selkirk Common Riding&#8220; ist eine der \u00e4ltesten Veranstaltungen der Scottish Borders, welche allj\u00e4hrlich im Juni stattfindet. Diese Tradition hat ihren Ursprung in der Schlacht von Flodden im Jahre 1513.<\/p>\n<p>&nbsp;<\/p>\n<p><strong><img loading=\"lazy\" class=\"wp-image-53 alignleft\" src=\"https:\/\/englischstammtisch-plattling.de\/wp-content\/uploads\/2018\/10\/mcCC_008-300x217-300x217.jpg\" alt=\"\" width=\"285\" height=\"206\" \/>Mac C&amp;C<\/strong><br \/>\n2003 trafen zwei M\u00e4nner in den besten Jahren aufeinander! Carlos Steinbei\u00dfer und Christian Bruckmeier.\u00a0 Ihre Passion f\u00fcr die englische Sprache brachte sie\u00a0im Englischstammtisch Osterhofen zusammen! Auf den Reisen zu den Partnerst\u00e4dten Ballybay in Irland und Selkirk in Schottland wurden sie infiziert von der so einzigartigen keltischen Musik.<br \/>\nEgal ob Englische, Irische oder Schottische Lieder, am Stammtisch wird gesungen was das Zeug h\u00e4lt. Begleitet von Gitarre, Mundharmonika, Tin-Whistle und auch Dudelsack. MacC&amp;C war geboren! Mittlerweile, 15 Jahre sp\u00e4ter, f\u00fcllen die beiden auf Ihren\u00a0Auftritten mit der Gruppe <a href=\"https:\/\/www.maccandc.de\/\" target=\"_blank\" rel=\"noopener\">Mac C&amp;C Celtic Four<\/a> ganze Konzerts\u00e4le.<\/p>\n<p>&nbsp;<\/p>\n<p><strong><img loading=\"lazy\" class=\"wp-image-54 alignleft\" src=\"https:\/\/englischstammtisch-plattling.de\/wp-content\/uploads\/2018\/10\/l012-300x165-300x165.jpg\" alt=\"\" width=\"285\" height=\"157\" \/>Die East Bavarian Highlander<\/strong><br \/>\nAnfang 2014 gr\u00fcndeten ein paar Schottlandbegeisterte die Interessensgemeinschaft <i>East Bavarian Highlander<\/i>. Schnell wuchs die Anzahl interessierter Schottlandfans, die ihre Begeisterung f\u00fcr das Land, seine Geschichte und Kultur mit Gleichgesinnten teilen und austauschen. Vielseitige Aktivit\u00e4ten und spezielle Pr\u00e4sentationen f\u00fchrten zu st\u00e4ndigem Wachstum der Gruppe. Auf Grund dieser positiven Entwicklung wurde 2017 aus der Interessensgemeinschaft heraus der <i>Verein<\/i> <a href=\"http:\/\/www.east-bavarian-highlander.de\/\" target=\"_blank\" rel=\"noopener\"><b>East Bavarian Highlander e.V.<\/b><\/a> gegr\u00fcndet und die Gemeinn\u00fctzigkeit anerkannt. Unsere Mitglieder kommen nicht nur aus dem regionalen Umfeld, sondern auch aus vielen anderen Teilen Bayerns und Deutschlands, sowie aus den Niederlanden, Schottland und sogar aus den USA.<\/p>\n","protected":false},"excerpt":{"rendered":"<div class=\"slide-text-bg2\"><span>Selkirk &#8211; unsere Partnerstadt Hoch \u00fcber dem Tal des Flusses Ettrik, im Herzen der Scottish Borders, liegt die &#8222;Royal Burgh of Selkirk&#8220;. <\/span><\/div>\n<div class=\"slide-btn-area-sm\"><a href=\"https:\/\/englischstammtisch-plattling.de\/?page_id=20\" class=\"slide-btn-sm\">weiterlesen<\/a><\/div>\n","protected":false},"author":2,"featured_media":0,"parent":0,"menu_order":0,"comment_status":"closed","ping_status":"closed","template":"","meta":[],"_links":{"self":[{"href":"https:\/\/englischstammtisch-plattling.de\/index.php?rest_route=\/wp\/v2\/pages\/20"}],"collection":[{"href":"https:\/\/englischstammtisch-plattling.de\/index.php?rest_route=\/wp\/v2\/pages"}],"about":[{"href":"https:\/\/englischstammtisch-plattling.de\/index.php?rest_route=\/wp\/v2\/types\/page"}],"author":[{"embeddable":true,"href":"https:\/\/englischstammtisch-plattling.de\/index.php?rest_route=\/wp\/v2\/users\/2"}],"replies":[{"embeddable":true,"href":"https:\/\/englischstammtisch-plattling.de\/index.php?rest_route=%2Fwp%2Fv2%2Fcomments&post=20"}],"version-history":[{"count":5,"href":"https:\/\/englischstammtisch-plattling.de\/index.php?rest_route=\/wp\/v2\/pages\/20\/revisions"}],"predecessor-version":[{"id":56,"href":"https:\/\/englischstammtisch-plattling.de\/index.php?rest_route=\/wp\/v2\/pages\/20\/revisions\/56"}],"wp:attachment":[{"href":"https:\/\/englischstammtisch-plattling.de\/index.php?rest_route=%2Fwp%2Fv2%2Fmedia&parent=20"}],"curies":[{"name":"wp","href":"https:\/\/api.w.org\/{rel}","templated":true}]}}