{"id":18,"date":"2018-10-22T09:29:43","date_gmt":"2018-10-22T09:29:43","guid":{"rendered":"http:\/\/englischstammtisch-plattling.de\/?page_id=18"},"modified":"2018-10-22T10:01:51","modified_gmt":"2018-10-22T10:01:51","slug":"englischstammtisch","status":"publish","type":"page","link":"https:\/\/englischstammtisch-plattling.de\/?page_id=18","title":{"rendered":"Englischstammtisch"},"content":{"rendered":"<p><strong>Der Englischstammtisch Plattling<\/strong><br \/>\nIm April 1999 wurde der Englisch Stammtisch Plattling ins Leben gerufen. Er dient vorwiegend dem kulturellen und sprachlichen Austausch zwischen englisch-sprechenden Menschen unterschiedlicher Herkunft und steht allen Gleichgesinnten offen. Treffpunkt ist Gasthaus &#8222;Br\u00e4u zur Isar&#8220;\u201d in Plattling an jedem ersten und dritten Mittwoch im Monat.<\/p>\n<p>Mit mittlerweile \u00fcber\u00a0250 Mitgliedern z\u00e4hlt Plattling mit Osterhofen \u00a0zu den gr\u00f6\u00dften Stammtischen der Region. Im Alter zwischen\u00a025 und\u00a070 Jahren, aus den verschiedensten Schichten, kommen die Mitglieder zusammen, um \u00fcber Land und Leute, Hobby oder Beruf oder ganz einfach \u00fcber das Wetter zu plaudern. Auf Englisch nat\u00fcrlich! Ganz ohne Zwang. \u00dcber Fehler wird nat\u00fcrlich nicht gelacht!\u00a0 Es wird dezent\u00a0 weiter geholfen \u2013 wenn erw\u00fcnscht.\u00a0 Ob Anf\u00e4nger oder \u201cnative speaker\u201d \u2013\u00a0 jeder ist willkommen<\/p>\n<p><strong>Eine tolle Truppe!<\/strong><br \/>\nKein Stammtischmeeting gleicht dem anderen. Es wird geredet, es wird gelacht, es wird Quatsch gemacht und nicht zu vergessen, es wird gesungen! Sogar eine eigene Hymne hat der Stammtisch ins Leben gerufen und die ist mittlerweile bis ins irische Ballybay \u201cwell-known\u201d: \u201cEnglish brings together, makes the Wednesday fine, Englischstammtisch in the heart of mine\u201d.\u00a0 Egal ob Englische, Irische oder Schottische Lieder, alle singen mit Herzenslust. Begleitet von Gitarre, Mundharmonika, Tin-Whistle und auch Dudelsack kommt richtiges \u201cPub-Feeling\u201d auf.<\/p>\n<p><strong>Echte Highlights<\/strong><br \/>\nAber nicht nur Musik und gute Laune ist dem Englischstammtisch auf die Fahne geschrieben.<br \/>\nAuch echt coole Events wurden in den letzten Jahren veranstaltet. Aber auch die allj\u00e4hrlich statt-findende Summer Party der Englischstammtische Osterhofen, Plattling und Deggendorf ist ohne Zweifel ein wirkliches\u00a0\u201cHighlight\u201d. Die j\u00e4hrliche \u201eChristmas-Party\u201c ist der kr\u00f6nende Abschluss eines jeden Stammtisch-Jahres.<\/p>\n<p><strong>Kein Mitgliedsbeitrag, keine Satzung<\/strong><br \/>\nDer Englischstammtisch Plattling ist kein Verein. Jeder kann kommen, wann und wie oft er will. Es existiert keine Mitgliedschaft oder Satzung im herk\u00f6mmlichen Sinne. Darum muss auch kein Beitrag entrichtet werden.\u00a0 Alle Aktivit\u00e4ten finanzieren sich aus freiwilligen Zuwendungen und Spenden von Mitgliedern und G\u00f6nnern.<br \/>\nUnd dass der Englischstammtisch so erfolgreich ist, obwohl er kein Verein ist, liegt einzig und allein im System. Wo sich Menschen wohlf\u00fchlen, will man bleiben, gemeinsam Spa\u00df haben und coole Sachen machen.<\/p>\n<p><strong>Es lohnt sich!<\/strong><br \/>\nNeben dem Spa\u00df-Effekt gibt\u2019s noch gratis Englischunterricht dazu! Hier lernt wirklich jeder was. Ob \u00fcber Land und Leute der englischsprachigen L\u00e4nder, Redewendungen oder neuen Wortschatz. Und wie gesagt \u2013<br \/>\nes macht wirklich Spa\u00df!<\/p>\n<p><strong>Come \u2013 and join in!<\/strong><br \/>\nAlso nun aber los! Rein in\u2019s Auto, rauf auf\u2019s Rad\u00a0 oder ganz einfach zu Fu\u00df. Der n\u00e4chste Englischstammtisch ist schon bald. Jeden ersten und dritten Mittwoch im Monat.<br \/>\nMitglieder werden \u00fcbrigens auch per Email an alle wichtigen Ereignisse rechtzeitig erinnert. So ist wirklich jeder immer <strong>up to date.<\/strong><\/p>\n<p>&nbsp;<\/p>\n<div id=\"Tabelle3LYR\">\n<table id=\"Tabelle3\" style=\"height: 200px;\" border=\"0\" width=\"724\" cellspacing=\"0\" cellpadding=\"0\">\n<tbody>\n<tr>\n<td width=\"178\"><b>Wann:<\/b><\/td>\n<td valign=\"TOP\" width=\"444\">Jeden ersten und dritten Mittwoch im Monat ab 19.30 Uhr<\/td>\n<\/tr>\n<tr>\n<td><b>Wo:<\/b><\/td>\n<td valign=\"TOP\">Im \u201cBr\u00e4u zur Isar<\/td>\n<\/tr>\n<tr>\n<td><b>Anzahl der Mitglieder:<\/b><\/td>\n<td valign=\"TOP\">165<\/td>\n<\/tr>\n<tr>\n<td><b>Satzung:<\/b><\/td>\n<td valign=\"TOP\">Keine<\/td>\n<\/tr>\n<tr>\n<td><b>Mitgliedsbeitrag:<\/b><\/td>\n<td valign=\"TOP\">Keiner<\/td>\n<\/tr>\n<tr>\n<td><b>Anforderungen:<\/b><\/td>\n<td valign=\"TOP\">Keine (Ob Anf\u00e4nger oder \u201cnative speaker\u201d jeder ist willkommen!)<\/td>\n<\/tr>\n<\/tbody>\n<\/table>\n<div id=\"Text3LYR\" class=\"TextObject\">\n<p>&nbsp;<\/p>\n<\/div>\n<\/div>\n","protected":false},"excerpt":{"rendered":"<div class=\"slide-text-bg2\"><span>Der Englischstammtisch Plattling Im April 1999 wurde der Englisch Stammtisch Plattling ins Leben gerufen. Er dient vorwiegend dem kulturellen und sprachlic<\/span><\/div>\n<div class=\"slide-btn-area-sm\"><a href=\"https:\/\/englischstammtisch-plattling.de\/?page_id=18\" class=\"slide-btn-sm\">weiterlesen<\/a><\/div>\n","protected":false},"author":2,"featured_media":0,"parent":0,"menu_order":0,"comment_status":"closed","ping_status":"closed","template":"","meta":[],"_links":{"self":[{"href":"https:\/\/englischstammtisch-plattling.de\/index.php?rest_route=\/wp\/v2\/pages\/18"}],"collection":[{"href":"https:\/\/englischstammtisch-plattling.de\/index.php?rest_route=\/wp\/v2\/pages"}],"about":[{"href":"https:\/\/englischstammtisch-plattling.de\/index.php?rest_route=\/wp\/v2\/types\/page"}],"author":[{"embeddable":true,"href":"https:\/\/englischstammtisch-plattling.de\/index.php?rest_route=\/wp\/v2\/users\/2"}],"replies":[{"embeddable":true,"href":"https:\/\/englischstammtisch-plattling.de\/index.php?rest_route=%2Fwp%2Fv2%2Fcomments&post=18"}],"version-history":[{"count":4,"href":"https:\/\/englischstammtisch-plattling.de\/index.php?rest_route=\/wp\/v2\/pages\/18\/revisions"}],"predecessor-version":[{"id":44,"href":"https:\/\/englischstammtisch-plattling.de\/index.php?rest_route=\/wp\/v2\/pages\/18\/revisions\/44"}],"wp:attachment":[{"href":"https:\/\/englischstammtisch-plattling.de\/index.php?rest_route=%2Fwp%2Fv2%2Fmedia&parent=18"}],"curies":[{"name":"wp","href":"https:\/\/api.w.org\/{rel}","templated":true}]}}